{"id":34309,"date":"2021-12-31T18:00:00","date_gmt":"2021-12-31T17:00:00","guid":{"rendered":"https:\/\/gageego.se\/concerts\/concerts-2021\/"},"modified":"2025-09-04T12:41:01","modified_gmt":"2025-09-04T10:41:01","slug":"concerts-2021","status":"publish","type":"page","link":"https:\/\/gageego.se\/en\/concerts\/concerts-2021\/","title":{"rendered":"Concerts 2021"},"content":{"rendered":"<div class=\"pt-cv-wrapper\"><div class=\"pt-cv-view pt-cv-grid pt-cv-colsys pt-cv-same-height pt-cv-post-border pt-cv-pginfinite pt-cv-left\" id=\"pt-cv-view-0b2f6f5nh8\"><div data-id=\"pt-cv-page-1\" class=\"pt-cv-page\" data-cvc=\"1\" data-cvct=\"1\" data-cvcm=\"1\"><div class=\"col-md-12 col-sm-12 col-xs-12 pt-cv-content-item pt-cv-2-col\"  data-pid=\"27587\"><div class='pt-cv-ifield'><div class=\"pt-cv-ctf-list\" data-cvc=\"1\"><div class=\"col-md-12 pt-cv-ctf-column\"><div class=\"pt-cv-custom-fields pt-cv-ctf-_EventStartDate\"><div class=\"pt-cv-ctf-value\">2021-01-30<\/div><\/div><\/div><div class=\"col-md-12 pt-cv-ctf-column\"><div class=\"pt-cv-custom-fields pt-cv-ctf-_VenueVenue\"><div class=\"pt-cv-ctf-value\">The Stenhammar Chamber Hall, Gothenburg Concert Hall<\/div><\/div><\/div><\/div>\n<h3 class=\"pt-cv-title\"><a href=\"https:\/\/gageego.se\/en\/evenemang\/towards-the-afterlife\/\" class=\"_self cvplbd\" target=\"_self\" >Towards the Afterlife<\/a><\/h3>\n<div class=\"pt-cv-content\">Pass the threshold of the unknown with Saints, Christian Karlsen and Gageego! ...<br \/><div class=\"pt-cv-rmwrap\"><a href=\"https:\/\/gageego.se\/en\/evenemang\/towards-the-afterlife\/\" class=\"_self pt-cv-readmore btn btn-success cvplbd\" target=\"_self\">L\u00e4s vidare<\/a><\/div><\/div><\/div><\/div>\n<div class=\"col-md-12 col-sm-12 col-xs-12 pt-cv-content-item pt-cv-2-col\"  data-pid=\"27842\"><div class='pt-cv-ifield'><div class=\"pt-cv-ctf-list\" data-cvc=\"1\"><div class=\"col-md-12 pt-cv-ctf-column\"><div class=\"pt-cv-custom-fields pt-cv-ctf-_EventStartDate\"><div class=\"pt-cv-ctf-value\">2021-03-07<\/div><\/div><\/div><\/div>\n<h3 class=\"pt-cv-title\"><a href=\"https:\/\/gageego.se\/en\/evenemang\/spaces-of-sounds\/\" class=\"_self cvplbd\" target=\"_self\" >Spaces of Sounds<\/a><\/h3>\n<div class=\"pt-cv-content\">A Quarantine Concert, streamed live over YouTube and Facebook. Gageego! and organist Ligita Sneibe performs works by Jenny Hettne, Madeleine Isaksson and Sven-Eric Johanson ...<br \/><div class=\"pt-cv-rmwrap\"><a href=\"https:\/\/gageego.se\/en\/evenemang\/spaces-of-sounds\/\" class=\"_self pt-cv-readmore btn btn-success cvplbd\" target=\"_self\">L\u00e4s vidare<\/a><\/div><\/div><\/div><\/div>\n<div class=\"col-md-12 col-sm-12 col-xs-12 pt-cv-content-item pt-cv-2-col\"  data-pid=\"28082\"><div class='pt-cv-ifield'><div class=\"pt-cv-ctf-list\" data-cvc=\"1\"><div class=\"col-md-12 pt-cv-ctf-column\"><div class=\"pt-cv-custom-fields pt-cv-ctf-_EventStartDate\"><div class=\"pt-cv-ctf-value\">2021-04-16<\/div><\/div><\/div><div class=\"col-md-12 pt-cv-ctf-column\"><div class=\"pt-cv-custom-fields pt-cv-ctf-_VenueVenue\"><div class=\"pt-cv-ctf-value\">Cinnober Theatre, Gothenburg<\/div><\/div><\/div><\/div>\n<h3 class=\"pt-cv-title\"><a href=\"https:\/\/gageego.se\/en\/evenemang\/scenes-from-a-polyamorous-marriage-2\/2021-04-16\/\" class=\"_self cvplbd\" target=\"_self\" >Scenes from a Polyamorous Marriage<\/a><\/h3>\n<div class=\"pt-cv-content\">Gageego! acts as the opera orchestra in a drastically humorous chamber opera with eternal themes of love, morality, responsibility and tolerance ...<br \/><div class=\"pt-cv-rmwrap\"><a href=\"https:\/\/gageego.se\/en\/evenemang\/scenes-from-a-polyamorous-marriage-2\/2021-04-16\/\" class=\"_self pt-cv-readmore btn btn-success cvplbd\" target=\"_self\">L\u00e4s vidare<\/a><\/div><\/div><\/div><\/div>\n<div class=\"col-md-12 col-sm-12 col-xs-12 pt-cv-content-item pt-cv-2-col\"  data-pid=\"27931\"><div class='pt-cv-ifield'><div class=\"pt-cv-ctf-list\" data-cvc=\"1\"><div class=\"col-md-12 pt-cv-ctf-column\"><div class=\"pt-cv-custom-fields pt-cv-ctf-_EventStartDate\"><div class=\"pt-cv-ctf-value\">2021-04-29<\/div><\/div><\/div><div class=\"col-md-12 pt-cv-ctf-column\"><div class=\"pt-cv-custom-fields pt-cv-ctf-_VenueVenue\"><div class=\"pt-cv-ctf-value\">Sj\u00f6str\u00f6msalen, Artisten, G\u00f6teborg<\/div><\/div><\/div><\/div>\n<h3 class=\"pt-cv-title\"><a href=\"https:\/\/gageego.se\/en\/evenemang\/composition-students-meet-ensemble-dasein-gageego\/\" class=\"_self cvplbd\" target=\"_self\" >Composition students meet Ensemble Dasein &#038; Gageego!<\/a><\/h3>\n<div class=\"pt-cv-content\">Live on YouTube: Students from the bachelor's programme in composition present their own projects. The students have composed work for the groups Ensemble Dasein ...<br \/><div class=\"pt-cv-rmwrap\"><a href=\"https:\/\/gageego.se\/en\/evenemang\/composition-students-meet-ensemble-dasein-gageego\/\" class=\"_self pt-cv-readmore btn btn-success cvplbd\" target=\"_self\">L\u00e4s vidare<\/a><\/div><\/div><\/div><\/div>\n<div class=\"col-md-12 col-sm-12 col-xs-12 pt-cv-content-item pt-cv-2-col\"  data-pid=\"27684\"><div class='pt-cv-ifield'><div class=\"pt-cv-ctf-list\" data-cvc=\"1\"><div class=\"col-md-12 pt-cv-ctf-column\"><div class=\"pt-cv-custom-fields pt-cv-ctf-_EventStartDate\"><div class=\"pt-cv-ctf-value\">2021-05-22<\/div><\/div><\/div><div class=\"col-md-12 pt-cv-ctf-column\"><div class=\"pt-cv-custom-fields pt-cv-ctf-_VenueVenue\"><div class=\"pt-cv-ctf-value\">The Stenhammar Chamber Hall, Gothenburg Concert Hall<\/div><\/div><\/div><\/div>\n<h3 class=\"pt-cv-title\"><a href=\"https:\/\/gageego.se\/en\/evenemang\/magnetic-fields-magic-realism\/\" class=\"_self cvplbd\" target=\"_self\" >Magnetic Fields \u2013 Magic Realism [cancelled]<\/a><\/h3>\n<div class=\"pt-cv-content\">This concert is cancelled due to the Covid-19 pandemic ...<br \/><div class=\"pt-cv-rmwrap\"><a href=\"https:\/\/gageego.se\/en\/evenemang\/magnetic-fields-magic-realism\/\" class=\"_self pt-cv-readmore btn btn-success cvplbd\" target=\"_self\">L\u00e4s vidare<\/a><\/div><\/div><\/div><\/div>\n<div class=\"col-md-12 col-sm-12 col-xs-12 pt-cv-content-item pt-cv-2-col\"  data-pid=\"27882\"><div class='pt-cv-ifield'><div class=\"pt-cv-ctf-list\" data-cvc=\"1\"><div class=\"col-md-12 pt-cv-ctf-column\"><div class=\"pt-cv-custom-fields pt-cv-ctf-_EventStartDate\"><div class=\"pt-cv-ctf-value\">2021-05-30<\/div><\/div><\/div><\/div>\n<h3 class=\"pt-cv-title\"><a href=\"https:\/\/gageego.se\/en\/evenemang\/quarantine-concert\/\" class=\"_self cvplbd\" target=\"_self\" >Quarantine Concert<\/a><\/h3>\n<div class=\"pt-cv-content\">A live stream concert, where Gageego! performs music by Lisa Streich, Esaias J\u00e4rnegard and Henrik Denerin ...<br \/><div class=\"pt-cv-rmwrap\"><a href=\"https:\/\/gageego.se\/en\/evenemang\/quarantine-concert\/\" class=\"_self pt-cv-readmore btn btn-success cvplbd\" target=\"_self\">L\u00e4s vidare<\/a><\/div><\/div><\/div><\/div>\n<div class=\"col-md-12 col-sm-12 col-xs-12 pt-cv-content-item pt-cv-2-col\"  data-pid=\"28201\"><div class='pt-cv-ifield'><div class=\"pt-cv-ctf-list\" data-cvc=\"1\"><div class=\"col-md-12 pt-cv-ctf-column\"><div class=\"pt-cv-custom-fields pt-cv-ctf-_EventStartDate\"><div class=\"pt-cv-ctf-value\">2021-08-15<\/div><\/div><\/div><div class=\"col-md-12 pt-cv-ctf-column\"><div class=\"pt-cv-custom-fields pt-cv-ctf-_VenueVenue\"><div class=\"pt-cv-ctf-value\">Church of Kalv<\/div><\/div><\/div><\/div>\n<h3 class=\"pt-cv-title\"><a href=\"https:\/\/gageego.se\/en\/evenemang\/kalvfestivalen\/\" class=\"_self cvplbd\" target=\"_self\" >Kalvfestivalen<\/a><\/h3>\n<div class=\"pt-cv-content\">From Kinna to Tibet: Kalvfestivalen ends in the church with a program that summarizes this year's festival: the local sounds of the Kinna composer ...<br \/><div class=\"pt-cv-rmwrap\"><a href=\"https:\/\/gageego.se\/en\/evenemang\/kalvfestivalen\/\" class=\"_self pt-cv-readmore btn btn-success cvplbd\" target=\"_self\">L\u00e4s vidare<\/a><\/div><\/div><\/div><\/div>\n<div class=\"col-md-12 col-sm-12 col-xs-12 pt-cv-content-item pt-cv-2-col\"  data-pid=\"28124\"><div class='pt-cv-ifield'><div class=\"pt-cv-ctf-list\" data-cvc=\"1\"><div class=\"col-md-12 pt-cv-ctf-column\"><div class=\"pt-cv-custom-fields pt-cv-ctf-_EventStartDate\"><div class=\"pt-cv-ctf-value\">2021-10-06<\/div><\/div><\/div><div class=\"col-md-12 pt-cv-ctf-column\"><div class=\"pt-cv-custom-fields pt-cv-ctf-_VenueVenue\"><div class=\"pt-cv-ctf-value\">Atalante, G\u00f6teborg<\/div><\/div><\/div><\/div>\n<h3 class=\"pt-cv-title\"><a href=\"https:\/\/gageego.se\/en\/evenemang\/scenes-from-a-polyamorous-marriage\/2021-10-06\/\" class=\"_self cvplbd\" target=\"_self\" >Scenes from a Polyamorous Marriage<\/a><\/h3>\n<div class=\"pt-cv-content\">Finally, more dates for the drastically humorous chamber opera about love, morality, responsibility and tolerance! ...<br \/><div class=\"pt-cv-rmwrap\"><a href=\"https:\/\/gageego.se\/en\/evenemang\/scenes-from-a-polyamorous-marriage\/2021-10-06\/\" class=\"_self pt-cv-readmore btn btn-success cvplbd\" target=\"_self\">L\u00e4s vidare<\/a><\/div><\/div><\/div><\/div>\n<div class=\"col-md-12 col-sm-12 col-xs-12 pt-cv-content-item pt-cv-2-col\"  data-pid=\"28299\"><div class='pt-cv-ifield'><div class=\"pt-cv-ctf-list\" data-cvc=\"1\"><div class=\"col-md-12 pt-cv-ctf-column\"><div class=\"pt-cv-custom-fields pt-cv-ctf-_EventStartDate\"><div class=\"pt-cv-ctf-value\">2021-10-12<\/div><\/div><\/div><div class=\"col-md-12 pt-cv-ctf-column\"><div class=\"pt-cv-custom-fields pt-cv-ctf-_VenueVenue\"><div class=\"pt-cv-ctf-value\">Palaestra et Odeum, Lund<\/div><\/div><\/div><\/div>\n<h3 class=\"pt-cv-title\"><a href=\"https:\/\/gageego.se\/en\/evenemang\/lund-contemporary-2021\/\" class=\"_self cvplbd\" target=\"_self\" >Lund Contemporary 2021<\/a><\/h3>\n<div class=\"pt-cv-content\">The ensembles Gageego! and Elefant\u00f6ra invites us to a powerful and unique world of sounds. This concert will, among other things, showcase newly composed ...<br \/><div class=\"pt-cv-rmwrap\"><a href=\"https:\/\/gageego.se\/en\/evenemang\/lund-contemporary-2021\/\" class=\"_self pt-cv-readmore btn btn-success cvplbd\" target=\"_self\">L\u00e4s vidare<\/a><\/div><\/div><\/div><\/div>\n<div class=\"col-md-12 col-sm-12 col-xs-12 pt-cv-content-item pt-cv-2-col\"  data-pid=\"28311\"><div class='pt-cv-ifield'><div class=\"pt-cv-ctf-list\" data-cvc=\"1\"><div class=\"col-md-12 pt-cv-ctf-column\"><div class=\"pt-cv-custom-fields pt-cv-ctf-_EventStartDate\"><div class=\"pt-cv-ctf-value\">2021-10-24<\/div><\/div><\/div><div class=\"col-md-12 pt-cv-ctf-column\"><div class=\"pt-cv-custom-fields pt-cv-ctf-_VenueVenue\"><div class=\"pt-cv-ctf-value\">\u00d6rgryte New Church<\/div><\/div><\/div><\/div>\n<h3 class=\"pt-cv-title\"><a href=\"https:\/\/gageego.se\/en\/evenemang\/goteborg-international-organ-festival\/\" class=\"_self cvplbd\" target=\"_self\" >G\u00f6teborg International Organ Festival<\/a><\/h3>\n<div class=\"pt-cv-content\">Creative Collisions V: Rei Munakata, an extended Gageego! and two organists \u2013 Ligita Sneibe och Hans Davidsson \u2013 perform a work commissioned by Swedish ...<br \/><div class=\"pt-cv-rmwrap\"><a href=\"https:\/\/gageego.se\/en\/evenemang\/goteborg-international-organ-festival\/\" class=\"_self pt-cv-readmore btn btn-success cvplbd\" target=\"_self\">L\u00e4s vidare<\/a><\/div><\/div><\/div><\/div><\/div><\/div>\n<div class=\"text-left pt-cv-pagination-wrapper\"><a href='https:\/\/gageego.se\/en\/wp-json\/wp\/v2\/pages\/34309\/?_page=2' onclick='event.preventDefault()' class=\"pt-cv-more btn btn-primary btn-sm\" data-totalpages=\"2\" data-nextpages=\"2\" data-sid=\"0b2f6f5nh8\" data-unid=\"\" data-isblock=\"\" data-postid=\"\">Mer... <span class=\"caret\"><\/span><\/a><img loading=\"lazy\" decoding=\"async\" width=\"15\" height=\"15\" class=\"pt-cv-spinner\" alt=\"Loading...\" src=\"data:image\/gif;base64,R0lGODlhDwAPALMPAMrKygwMDJOTkz09PZWVla+vr3p6euTk5M7OzuXl5TMzMwAAAJmZmWZmZszMzP\/\/\/yH\/C05FVFNDQVBFMi4wAwEAAAAh+QQFCgAPACwAAAAADwAPAAAEQvDJaZaZOIcV8iQK8VRX4iTYoAwZ4iCYoAjZ4RxejhVNoT+mRGP4cyF4Pp0N98sBGIBMEMOotl6YZ3S61Bmbkm4mAgAh+QQFCgAPACwAAAAADQANAAAENPDJSRSZeA418itN8QiK8BiLITVsFiyBBIoYqnoewAD4xPw9iY4XLGYSjkQR4UAUD45DLwIAIfkEBQoADwAsAAAAAA8ACQAABC\/wyVlamTi3nSdgwFNdhEJgTJoNyoB9ISYoQmdjiZPcj7EYCAeCF1gEDo4Dz2eIAAAh+QQFCgAPACwCAAAADQANAAAEM\/DJBxiYeLKdX3IJZT1FU0iIg2RNKx3OkZVnZ98ToRD4MyiDnkAh6BkNC0MvsAj0kMpHBAAh+QQFCgAPACwGAAAACQAPAAAEMDC59KpFDll73HkAA2wVY5KgiK5b0RRoI6MuzG6EQqCDMlSGheEhUAgqgUUAFRySIgAh+QQFCgAPACwCAAIADQANAAAEM\/DJKZNLND\/kkKaHc3xk+QAMYDKsiaqmZCxGVjSFFCxB1vwy2oOgIDxuucxAMTAJFAJNBAAh+QQFCgAPACwAAAYADwAJAAAEMNAs86q1yaWwwv2Ig0jUZx3OYa4XoRAfwADXoAwfo1+CIjyFRuEho60aSNYlOPxEAAAh+QQFCgAPACwAAAIADQANAAAENPA9s4y8+IUVcqaWJ4qEQozSoAzoIyhCK2NFU2SJk0hNnyEOhKR2AzAAj4Pj4GE4W0bkJQIAOw==\" title=\"\"><div class=\"clear pt-cv-clear-pagination\"><\/div><\/div><\/div>\t\t\t<style type=\"text\/css\" id=\"pt-cv-inline-style-1988856u0s\">#pt-cv-view-0b2f6f5nh8 .pt-cv-ifield { padding-top: 10px !important; padding-bottom: 10px !important; }\n#pt-cv-view-0b2f6f5nh8.pt-cv-post-border { margin: 0; border-top-width: 1px; border-left-width: 1px }\n#pt-cv-view-0b2f6f5nh8.pt-cv-post-border { margin: 0; border-top-style: dashed; border-left-style: dashed }\n#pt-cv-view-0b2f6f5nh8.pt-cv-post-border { margin: 0; border-top-color: #ececec; border-left-color: #ececec }\n#pt-cv-view-0b2f6f5nh8.pt-cv-post-border .pt-cv-content-item   { border-right-width: 1px; border-bottom-width: 1px; border-right-style: dashed; border-bottom-style: dashed; border-right-color: #ececec; border-bottom-color: #ececec; }\n#pt-cv-view-0b2f6f5nh8 .pt-cv-title a, #pt-cv-view-0b2f6f5nh8  .panel-title { font-weight: 600 !important; }\n#pt-cv-view-0b2f6f5nh8 .pt-cv-custom-fields * { display: block !important; text-align: left !important; clear: both !important; }\n#pt-cv-view-0b2f6f5nh8 .pt-cv-readmore  { background-color: #bca97a !important; font-weight: 600 !important; text-transform: uppercase !important; letter-spacing: 1px !important; }\n#pt-cv-view-0b2f6f5nh8 .pt-cv-tao  { font-size: 20px !important; line-height: 1.3 !important; }\n#pt-cv-view-0b2f6f5nh8 { text-align: left; }<\/style>\r\n\t\t\t\n\n\n\n<p><\/p>\n","protected":false},"excerpt":{"rendered":"","protected":false},"author":3,"featured_media":0,"parent":24810,"menu_order":2021,"comment_status":"closed","ping_status":"closed","template":"wp-custom-template-f-r-listor-med-tidigare-evenemang-per-r","meta":{"_tec_requires_first_save":true,"_EventAllDay":false,"_EventTimezone":"","_EventStartDate":"","_EventEndDate":"","_EventStartDateUTC":"","_EventEndDateUTC":"","_EventShowMap":false,"_EventShowMapLink":false,"_EventURL":"","_EventCost":"","_EventCostDescription":"","_EventCurrencySymbol":"","_EventCurrencyCode":"","_EventCurrencyPosition":"","_EventDateTimeSeparator":"","_EventTimeRangeSeparator":"","_EventOrganizerID":[],"_EventVenueID":[],"_OrganizerEmail":"","_OrganizerPhone":"","_OrganizerWebsite":"","_VenueAddress":"","_VenueCity":"","_VenueCountry":"","_VenueProvince":"","_VenueState":"","_VenueZip":"","_VenuePhone":"","_VenueURL":"","_VenueStateProvince":"","_VenueLat":"","_VenueLng":"","_VenueShowMap":false,"_VenueShowMapLink":false,"_tribe_blocks_recurrence_rules":"","_tribe_blocks_recurrence_description":"","_tribe_blocks_recurrence_exclusions":"","footnotes":""},"categories":[],"tags":[],"class_list":["post-34309","page","type-page","status-publish","hentry"],"_links":{"self":[{"href":"https:\/\/gageego.se\/en\/wp-json\/wp\/v2\/pages\/34309","targetHints":{"allow":["GET"]}}],"collection":[{"href":"https:\/\/gageego.se\/en\/wp-json\/wp\/v2\/pages"}],"about":[{"href":"https:\/\/gageego.se\/en\/wp-json\/wp\/v2\/types\/page"}],"author":[{"embeddable":true,"href":"https:\/\/gageego.se\/en\/wp-json\/wp\/v2\/users\/3"}],"replies":[{"embeddable":true,"href":"https:\/\/gageego.se\/en\/wp-json\/wp\/v2\/comments?post=34309"}],"version-history":[{"count":0,"href":"https:\/\/gageego.se\/en\/wp-json\/wp\/v2\/pages\/34309\/revisions"}],"up":[{"embeddable":true,"href":"https:\/\/gageego.se\/en\/wp-json\/wp\/v2\/pages\/24810"}],"wp:attachment":[{"href":"https:\/\/gageego.se\/en\/wp-json\/wp\/v2\/media?parent=34309"}],"wp:term":[{"taxonomy":"category","embeddable":true,"href":"https:\/\/gageego.se\/en\/wp-json\/wp\/v2\/categories?post=34309"},{"taxonomy":"post_tag","embeddable":true,"href":"https:\/\/gageego.se\/en\/wp-json\/wp\/v2\/tags?post=34309"}],"curies":[{"name":"wp","href":"https:\/\/api.w.org\/{rel}","templated":true}]}}