{"id":34304,"date":"2020-01-20T20:57:51","date_gmt":"2020-01-20T19:57:51","guid":{"rendered":"https:\/\/gageego.se\/concerts\/concerts-2019\/"},"modified":"2025-09-04T12:43:03","modified_gmt":"2025-09-04T10:43:03","slug":"concerts-2019","status":"publish","type":"page","link":"https:\/\/gageego.se\/en\/concerts\/concerts-2019\/","title":{"rendered":"Concerts 2019"},"content":{"rendered":"<div class=\"pt-cv-wrapper\"><div class=\"pt-cv-view pt-cv-grid pt-cv-colsys pt-cv-same-height pt-cv-post-border pt-cv-pginfinite pt-cv-left\" id=\"pt-cv-view-9ac9cb5k0e\"><div data-id=\"pt-cv-page-1\" class=\"pt-cv-page\" data-cvc=\"1\" data-cvct=\"2\" data-cvcm=\"1\"><div class=\"col-md-12 col-sm-6 col-xs-12 pt-cv-content-item pt-cv-2-col\"  data-pid=\"25769\"><div class='pt-cv-ifield'><div class=\"pt-cv-ctf-list\" data-cvc=\"1\"><div class=\"col-md-12 pt-cv-ctf-column\"><div class=\"pt-cv-custom-fields pt-cv-ctf-_EventStartDate\"><div class=\"pt-cv-ctf-value\">2019-01-27<\/div><\/div><\/div><div class=\"col-md-12 pt-cv-ctf-column\"><div class=\"pt-cv-custom-fields pt-cv-ctf-_VenueVenue\"><div class=\"pt-cv-ctf-value\">The Stenhammar Chamber Hall, Gothenburg Concert Hall<\/div><\/div><\/div><\/div>\n<h3 class=\"pt-cv-title\"><a href=\"https:\/\/gageego.se\/en\/evenemang\/original-performance-with-peter-eotvos\/\" class=\"_self cvplbd\" target=\"_self\" >Original performance with P\u00e9ter E\u00f6tv\u00f6s<\/a><\/h3>\n<div class=\"pt-cv-content\">One of Gageego!\u2019s most beloved guests is composer and conductor P\u00e9ter E\u00f6tv\u00f6s. This concert will be part of his 75th birthday celebrations in collaboration ...<br \/><div class=\"pt-cv-rmwrap\"><a href=\"https:\/\/gageego.se\/en\/evenemang\/original-performance-with-peter-eotvos\/\" class=\"_self pt-cv-readmore btn btn-success cvplbd\" target=\"_self\">L\u00e4s vidare<\/a><\/div><\/div><\/div><\/div>\n<div class=\"col-md-12 col-sm-6 col-xs-12 pt-cv-content-item pt-cv-2-col\"  data-pid=\"26174\"><div class='pt-cv-ifield'><div class=\"pt-cv-ctf-list\" data-cvc=\"1\"><div class=\"col-md-12 pt-cv-ctf-column\"><div class=\"pt-cv-custom-fields pt-cv-ctf-_EventStartDate\"><div class=\"pt-cv-ctf-value\">2019-02-08<\/div><\/div><\/div><div class=\"col-md-12 pt-cv-ctf-column\"><div class=\"pt-cv-custom-fields pt-cv-ctf-_VenueVenue\"><div class=\"pt-cv-ctf-value\">Palaestra et Odeum, Lund<\/div><\/div><\/div><\/div>\n<h3 class=\"pt-cv-title\"><a href=\"https:\/\/gageego.se\/en\/evenemang\/sharemusictechlab\/\" class=\"_self cvplbd\" target=\"_self\" >ShareMusicTechLab<\/a><\/h3>\n<div class=\"pt-cv-content\">Music Technology for all! Lunchtime concert during the festival\u00a0Lund Contemporary 2019 Featured is the organisation\u00a0Share Music &amp; Performing Arts, student composers from Malm\u00f6 Academy ...<br \/><div class=\"pt-cv-rmwrap\"><a href=\"https:\/\/gageego.se\/en\/evenemang\/sharemusictechlab\/\" class=\"_self pt-cv-readmore btn btn-success cvplbd\" target=\"_self\">L\u00e4s vidare<\/a><\/div><\/div><\/div><\/div>\n<div class=\"col-md-12 col-sm-6 col-xs-12 pt-cv-content-item pt-cv-2-col\"  data-pid=\"26664\"><div class='pt-cv-ifield'><div class=\"pt-cv-ctf-list\" data-cvc=\"1\"><div class=\"col-md-12 pt-cv-ctf-column\"><div class=\"pt-cv-custom-fields pt-cv-ctf-_EventStartDate\"><div class=\"pt-cv-ctf-value\">2019-04-07<\/div><\/div><\/div><div class=\"col-md-12 pt-cv-ctf-column\"><div class=\"pt-cv-custom-fields pt-cv-ctf-_VenueVenue\"><div class=\"pt-cv-ctf-value\">The Stenhammar Chamber Hall, Gothenburg Concert Hall<\/div><\/div><\/div><\/div>\n<h3 class=\"pt-cv-title\"><a href=\"https:\/\/gageego.se\/en\/evenemang\/gageego-meets-anna-thorvaldsdottir\/\" class=\"_self cvplbd\" target=\"_self\" >Gageego! meets Anna Thorvaldsdottir<\/a><\/h3>\n<div class=\"pt-cv-content\">Gageego! welcomes composer Anna Thorvaldsdottir in a programme where Thorvaldsdottir\u2019s music is centre stage, surrounded by everyone from her own role models to others ...<br \/><div class=\"pt-cv-rmwrap\"><a href=\"https:\/\/gageego.se\/en\/evenemang\/gageego-meets-anna-thorvaldsdottir\/\" class=\"_self pt-cv-readmore btn btn-success cvplbd\" target=\"_self\">L\u00e4s vidare<\/a><\/div><\/div><\/div><\/div>\n<div class=\"col-md-12 col-sm-6 col-xs-12 pt-cv-content-item pt-cv-2-col\"  data-pid=\"27029\"><div class='pt-cv-ifield'><div class=\"pt-cv-ctf-list\" data-cvc=\"1\"><div class=\"col-md-12 pt-cv-ctf-column\"><div class=\"pt-cv-custom-fields pt-cv-ctf-_EventStartDate\"><div class=\"pt-cv-ctf-value\">2019-04-09<\/div><\/div><\/div><div class=\"col-md-12 pt-cv-ctf-column\"><div class=\"pt-cv-custom-fields pt-cv-ctf-_VenueVenue\"><div class=\"pt-cv-ctf-value\">Kulturhuset Pigalle, N\u00e4ssj\u00f6<\/div><\/div><\/div><\/div>\n<h3 class=\"pt-cv-title\"><a href=\"https:\/\/gageego.se\/en\/evenemang\/music-technology-and-inclusion\/\" class=\"_self cvplbd\" target=\"_self\" >Music Technology, Inclusion &#038; Innovation<\/a><\/h3>\n<div class=\"pt-cv-content\">An international\u00a0symposium\u00a0about inclusion as the starting point of technical and artistic development within the music area.\u00a0 What does inclusive work mean to the artistic ...<br \/><div class=\"pt-cv-rmwrap\"><a href=\"https:\/\/gageego.se\/en\/evenemang\/music-technology-and-inclusion\/\" class=\"_self pt-cv-readmore btn btn-success cvplbd\" target=\"_self\">L\u00e4s vidare<\/a><\/div><\/div><\/div><\/div>\n<div class=\"col-md-12 col-sm-6 col-xs-12 pt-cv-content-item pt-cv-2-col\"  data-pid=\"27031\"><div class='pt-cv-ifield'><div class=\"pt-cv-ctf-list\" data-cvc=\"1\"><div class=\"col-md-12 pt-cv-ctf-column\"><div class=\"pt-cv-custom-fields pt-cv-ctf-_EventStartDate\"><div class=\"pt-cv-ctf-value\">2019-04-10<\/div><\/div><\/div><div class=\"col-md-12 pt-cv-ctf-column\"><div class=\"pt-cv-custom-fields pt-cv-ctf-_VenueVenue\"><div class=\"pt-cv-ctf-value\">V\u00e4ster\u00e5s konserthus, Lilla salen<\/div><\/div><\/div><\/div>\n<h3 class=\"pt-cv-title\"><a href=\"https:\/\/gageego.se\/en\/evenemang\/music-technology-inclusion-innovation\/\" class=\"_self cvplbd\" target=\"_self\" >Music Technology, Inclusion &#038; Innovation<\/a><\/h3>\n<div class=\"pt-cv-content\">The V\u00e4ster\u00e5s Concert Hall is the venue for a second international\u00a0symposium\u00a0about inclusion as the starting point of technical and artistic development within the music ...<br \/><div class=\"pt-cv-rmwrap\"><a href=\"https:\/\/gageego.se\/en\/evenemang\/music-technology-inclusion-innovation\/\" class=\"_self pt-cv-readmore btn btn-success cvplbd\" target=\"_self\">L\u00e4s vidare<\/a><\/div><\/div><\/div><\/div>\n<div class=\"col-md-12 col-sm-6 col-xs-12 pt-cv-content-item pt-cv-2-col\"  data-pid=\"27013\"><div class='pt-cv-ifield'><div class=\"pt-cv-ctf-list\" data-cvc=\"1\"><div class=\"col-md-12 pt-cv-ctf-column\"><div class=\"pt-cv-custom-fields pt-cv-ctf-_EventStartDate\"><div class=\"pt-cv-ctf-value\">2019-09-29<\/div><\/div><\/div><div class=\"col-md-12 pt-cv-ctf-column\"><div class=\"pt-cv-custom-fields pt-cv-ctf-_VenueVenue\"><div class=\"pt-cv-ctf-value\">The Stenhammar Chamber Hall, Gothenburg Concert Hall<\/div><\/div><\/div><\/div>\n<h3 class=\"pt-cv-title\"><a href=\"https:\/\/gageego.se\/en\/evenemang\/dreams-2019-09-29\/\" class=\"_self cvplbd\" target=\"_self\" >Dreams<\/a><\/h3>\n<div class=\"pt-cv-content\">The modern chamber season starts with well established contemporary music \u2013 some of it the dreamiest thing you can hear\u2026 ...<br \/><div class=\"pt-cv-rmwrap\"><a href=\"https:\/\/gageego.se\/en\/evenemang\/dreams-2019-09-29\/\" class=\"_self pt-cv-readmore btn btn-success cvplbd\" target=\"_self\">L\u00e4s vidare<\/a><\/div><\/div><\/div><\/div>\n<div class=\"col-md-12 col-sm-6 col-xs-12 pt-cv-content-item pt-cv-2-col\"  data-pid=\"27314\"><div class='pt-cv-ifield'><div class=\"pt-cv-ctf-list\" data-cvc=\"1\"><div class=\"col-md-12 pt-cv-ctf-column\"><div class=\"pt-cv-custom-fields pt-cv-ctf-_EventStartDate\"><div class=\"pt-cv-ctf-value\">2019-10-18<\/div><\/div><\/div><div class=\"col-md-12 pt-cv-ctf-column\"><div class=\"pt-cv-custom-fields pt-cv-ctf-_VenueVenue\"><div class=\"pt-cv-ctf-value\">G\u00f6teborgs domkyrka<\/div><\/div><\/div><\/div>\n<h3 class=\"pt-cv-title\"><a href=\"https:\/\/gageego.se\/en\/evenemang\/celebrating-sven-eric-johanson-100-years\/\" class=\"_self cvplbd\" target=\"_self\" >Celebrating Sven-Eric Johanson 100 years<\/a><\/h3>\n<div class=\"pt-cv-content\">G\u00f6teborg International Organ Academy celebrates the Swedish organist and composer Sven-Eric Johanson, one the most prolific composers of his generation. In this concert, Gageego! ...<br \/><div class=\"pt-cv-rmwrap\"><a href=\"https:\/\/gageego.se\/en\/evenemang\/celebrating-sven-eric-johanson-100-years\/\" class=\"_self pt-cv-readmore btn btn-success cvplbd\" target=\"_self\">L\u00e4s vidare<\/a><\/div><\/div><\/div><\/div>\n<div class=\"col-md-12 col-sm-6 col-xs-12 pt-cv-content-item pt-cv-2-col\"  data-pid=\"27173\"><div class='pt-cv-ifield'><div class=\"pt-cv-ctf-list\" data-cvc=\"1\"><div class=\"col-md-12 pt-cv-ctf-column\"><div class=\"pt-cv-custom-fields pt-cv-ctf-_EventStartDate\"><div class=\"pt-cv-ctf-value\">2019-11-03<\/div><\/div><\/div><div class=\"col-md-12 pt-cv-ctf-column\"><div class=\"pt-cv-custom-fields pt-cv-ctf-_VenueVenue\"><div class=\"pt-cv-ctf-value\">The Stenhammar Chamber Hall, Gothenburg Concert Hall<\/div><\/div><\/div><\/div>\n<h3 class=\"pt-cv-title\"><a href=\"https:\/\/gageego.se\/en\/evenemang\/how-to-reach-the-enchanted\/\" class=\"_self cvplbd\" target=\"_self\" >How to reach the enchanted?<\/a><\/h3>\n<div class=\"pt-cv-content\">Those who listen to Sciarrino become aware of themselves and their feelings. The music is introverted and expansive at the same time, sometimes like ...<br \/><div class=\"pt-cv-rmwrap\"><a href=\"https:\/\/gageego.se\/en\/evenemang\/how-to-reach-the-enchanted\/\" class=\"_self pt-cv-readmore btn btn-success cvplbd\" target=\"_self\">L\u00e4s vidare<\/a><\/div><\/div><\/div><\/div><\/div><\/div><\/div>\t\t\t<style type=\"text\/css\" id=\"pt-cv-inline-style-30d182e6rt\">#pt-cv-view-9ac9cb5k0e .pt-cv-ifield { padding-top: 10px !important; padding-bottom: 10px !important; }\n#pt-cv-view-9ac9cb5k0e.pt-cv-post-border { margin: 0; border-top-width: 1px; border-left-width: 1px }\n#pt-cv-view-9ac9cb5k0e.pt-cv-post-border { margin: 0; border-top-style: dashed; border-left-style: dashed }\n#pt-cv-view-9ac9cb5k0e.pt-cv-post-border { margin: 0; border-top-color: #ececec; border-left-color: #ececec }\n#pt-cv-view-9ac9cb5k0e.pt-cv-post-border .pt-cv-content-item   { border-right-width: 1px; border-bottom-width: 1px; border-right-style: dashed; border-bottom-style: dashed; border-right-color: #ececec; border-bottom-color: #ececec; }\n#pt-cv-view-9ac9cb5k0e .pt-cv-title a, #pt-cv-view-9ac9cb5k0e  .panel-title { font-weight: 600 !important; }\n#pt-cv-view-9ac9cb5k0e .pt-cv-custom-fields * { display: block !important; text-align: left !important; clear: both !important; }\n#pt-cv-view-9ac9cb5k0e .pt-cv-readmore  { background-color: #bca97a !important; font-weight: 600 !important; text-transform: uppercase !important; letter-spacing: 1px !important; }\n#pt-cv-view-9ac9cb5k0e .pt-cv-tao  { font-size: 20px !important; line-height: 1.3 !important; }\n#pt-cv-view-9ac9cb5k0e { text-align: left; }<\/style>\r\n\t\t\t\n","protected":false},"excerpt":{"rendered":"","protected":false},"author":3,"featured_media":0,"parent":24810,"menu_order":2018,"comment_status":"closed","ping_status":"closed","template":"wp-custom-template-f-r-listor-med-tidigare-evenemang-per-r","meta":{"_tec_requires_first_save":true,"_EventAllDay":false,"_EventTimezone":"","_EventStartDate":"","_EventEndDate":"","_EventStartDateUTC":"","_EventEndDateUTC":"","_EventShowMap":false,"_EventShowMapLink":false,"_EventURL":"","_EventCost":"","_EventCostDescription":"","_EventCurrencySymbol":"","_EventCurrencyCode":"","_EventCurrencyPosition":"","_EventDateTimeSeparator":"","_EventTimeRangeSeparator":"","_EventOrganizerID":[],"_EventVenueID":[],"_OrganizerEmail":"","_OrganizerPhone":"","_OrganizerWebsite":"","_VenueAddress":"","_VenueCity":"","_VenueCountry":"","_VenueProvince":"","_VenueState":"","_VenueZip":"","_VenuePhone":"","_VenueURL":"","_VenueStateProvince":"","_VenueLat":"","_VenueLng":"","_VenueShowMap":false,"_VenueShowMapLink":false,"_tribe_blocks_recurrence_rules":"","_tribe_blocks_recurrence_description":"","_tribe_blocks_recurrence_exclusions":"","footnotes":""},"categories":[],"tags":[],"class_list":["post-34304","page","type-page","status-publish","hentry"],"_links":{"self":[{"href":"https:\/\/gageego.se\/en\/wp-json\/wp\/v2\/pages\/34304","targetHints":{"allow":["GET"]}}],"collection":[{"href":"https:\/\/gageego.se\/en\/wp-json\/wp\/v2\/pages"}],"about":[{"href":"https:\/\/gageego.se\/en\/wp-json\/wp\/v2\/types\/page"}],"author":[{"embeddable":true,"href":"https:\/\/gageego.se\/en\/wp-json\/wp\/v2\/users\/3"}],"replies":[{"embeddable":true,"href":"https:\/\/gageego.se\/en\/wp-json\/wp\/v2\/comments?post=34304"}],"version-history":[{"count":0,"href":"https:\/\/gageego.se\/en\/wp-json\/wp\/v2\/pages\/34304\/revisions"}],"up":[{"embeddable":true,"href":"https:\/\/gageego.se\/en\/wp-json\/wp\/v2\/pages\/24810"}],"wp:attachment":[{"href":"https:\/\/gageego.se\/en\/wp-json\/wp\/v2\/media?parent=34304"}],"wp:term":[{"taxonomy":"category","embeddable":true,"href":"https:\/\/gageego.se\/en\/wp-json\/wp\/v2\/categories?post=34304"},{"taxonomy":"post_tag","embeddable":true,"href":"https:\/\/gageego.se\/en\/wp-json\/wp\/v2\/tags?post=34304"}],"curies":[{"name":"wp","href":"https:\/\/api.w.org\/{rel}","templated":true}]}}