{"id":34300,"date":"2017-12-31T12:00:36","date_gmt":"2017-12-31T11:00:36","guid":{"rendered":"https:\/\/gageego.se\/concerts\/concerts-2017\/"},"modified":"2025-09-04T12:40:59","modified_gmt":"2025-09-04T10:40:59","slug":"concerts-2017","status":"publish","type":"page","link":"https:\/\/gageego.se\/en\/concerts\/concerts-2017\/","title":{"rendered":"Concerts 2017"},"content":{"rendered":"<div class=\"pt-cv-wrapper\"><div class=\"pt-cv-view pt-cv-grid pt-cv-colsys pt-cv-same-height pt-cv-post-border pt-cv-pgregular pt-cv-left\" id=\"pt-cv-view-c50ad9e0mb\"><div data-id=\"pt-cv-page-1\" class=\"pt-cv-page\" data-cvc=\"1\" data-cvct=\"2\" data-cvcm=\"1\"><div class=\"col-md-12 col-sm-6 col-xs-12 pt-cv-content-item pt-cv-2-col\"  data-pid=\"27236\"><div class='pt-cv-ifield'><div class=\"pt-cv-ctf-list\" data-cvc=\"1\"><div class=\"col-md-12 pt-cv-ctf-column\"><div class=\"pt-cv-custom-fields pt-cv-ctf-_EventStartDate\"><div class=\"pt-cv-ctf-value\">2017-02-05<\/div><\/div><\/div><div class=\"col-md-12 pt-cv-ctf-column\"><div class=\"pt-cv-custom-fields pt-cv-ctf-_VenueVenue\"><div class=\"pt-cv-ctf-value\">The Stenhammar Chamber Hall, Gothenburg Concert Hall<\/div><\/div><\/div><\/div>\n<h3 class=\"pt-cv-title\"><a href=\"https:\/\/gageego.se\/en\/evenemang\/a-tale-of-four-cities-3-london\/\" class=\"_self cvplbd\" target=\"_self\" >A Tale of Four Cities: 3. London<\/a><\/h3>\n<div class=\"pt-cv-content\">The music pilots in Gageego! takes us on an adventure to London ...<br \/><div class=\"pt-cv-rmwrap\"><a href=\"https:\/\/gageego.se\/en\/evenemang\/a-tale-of-four-cities-3-london\/\" class=\"_self pt-cv-readmore btn btn-success cvplbd\" target=\"_self\">L\u00e4s vidare<\/a><\/div><\/div><\/div><\/div>\n<div class=\"col-md-12 col-sm-6 col-xs-12 pt-cv-content-item pt-cv-2-col\"  data-pid=\"27154\"><div class='pt-cv-ifield'><div class=\"pt-cv-ctf-list\" data-cvc=\"1\"><div class=\"col-md-12 pt-cv-ctf-column\"><div class=\"pt-cv-custom-fields pt-cv-ctf-_EventStartDate\"><div class=\"pt-cv-ctf-value\">2017-04-02<\/div><\/div><\/div><div class=\"col-md-12 pt-cv-ctf-column\"><div class=\"pt-cv-custom-fields pt-cv-ctf-_VenueVenue\"><div class=\"pt-cv-ctf-value\">The Stenhammar Chamber Hall, Gothenburg Concert Hall<\/div><\/div><\/div><\/div>\n<h3 class=\"pt-cv-title\"><a href=\"https:\/\/gageego.se\/en\/evenemang\/a-tale-of-four-cities-4-berlin\/\" class=\"_self cvplbd\" target=\"_self\" >A Tale of Four Cities: 4. Berlin<\/a><\/h3>\n<div class=\"pt-cv-content\">Gageego! plays music by Chin, B\u00e5ng, Steen-Andersen, P\u00e4rt, Dahm, Herrmann, M\u00e5rtensson (original performance) ...<br \/><div class=\"pt-cv-rmwrap\"><a href=\"https:\/\/gageego.se\/en\/evenemang\/a-tale-of-four-cities-4-berlin\/\" class=\"_self pt-cv-readmore btn btn-success cvplbd\" target=\"_self\">L\u00e4s vidare<\/a><\/div><\/div><\/div><\/div>\n<div class=\"col-md-12 col-sm-6 col-xs-12 pt-cv-content-item pt-cv-2-col\"  data-pid=\"25047\"><div class='pt-cv-ifield'><div class=\"pt-cv-ctf-list\" data-cvc=\"1\"><div class=\"col-md-12 pt-cv-ctf-column\"><div class=\"pt-cv-custom-fields pt-cv-ctf-_EventStartDate\"><div class=\"pt-cv-ctf-value\">2017-09-24<\/div><\/div><\/div><div class=\"col-md-12 pt-cv-ctf-column\"><div class=\"pt-cv-custom-fields pt-cv-ctf-_VenueVenue\"><div class=\"pt-cv-ctf-value\">The Stenhammar Chamber Hall, Gothenburg Concert Hall<\/div><\/div><\/div><\/div>\n<h3 class=\"pt-cv-title\"><a href=\"https:\/\/gageego.se\/en\/evenemang\/the-music-of-conflict-moscow\/\" class=\"_self cvplbd\" target=\"_self\" >The Music of Conflict: Moscow<\/a><\/h3>\n<div class=\"pt-cv-content\">The chamber music ensemble Gageego! continue their exploration of the metropolises of contemporary music. This time, they contrast the music, composers and cities with ...<br \/><div class=\"pt-cv-rmwrap\"><a href=\"https:\/\/gageego.se\/en\/evenemang\/the-music-of-conflict-moscow\/\" class=\"_self pt-cv-readmore btn btn-success cvplbd\" target=\"_self\">L\u00e4s vidare<\/a><\/div><\/div><\/div><\/div>\n<div class=\"col-md-12 col-sm-6 col-xs-12 pt-cv-content-item pt-cv-2-col\"  data-pid=\"25178\"><div class='pt-cv-ifield'><div class=\"pt-cv-ctf-list\" data-cvc=\"1\"><div class=\"col-md-12 pt-cv-ctf-column\"><div class=\"pt-cv-custom-fields pt-cv-ctf-_EventStartDate\"><div class=\"pt-cv-ctf-value\">2017-10-03<\/div><\/div><\/div><div class=\"col-md-12 pt-cv-ctf-column\"><div class=\"pt-cv-custom-fields pt-cv-ctf-_VenueVenue\"><div class=\"pt-cv-ctf-value\">Dunkers kulturhus, Helsingborg<\/div><\/div><\/div><\/div>\n<h3 class=\"pt-cv-title\"><a href=\"https:\/\/gageego.se\/en\/evenemang\/sounds-like-gageego\/\" class=\"_self cvplbd\" target=\"_self\" >sounds like: Gageego!<\/a><\/h3>\n<div class=\"pt-cv-content\">Gageego! is going south - but actually not that far from home. Still on the West Coast, the ensemble visits Dunkers kulturhus to launch ...<br \/><div class=\"pt-cv-rmwrap\"><a href=\"https:\/\/gageego.se\/en\/evenemang\/sounds-like-gageego\/\" class=\"_self pt-cv-readmore btn btn-success cvplbd\" target=\"_self\">L\u00e4s vidare<\/a><\/div><\/div><\/div><\/div>\n<div class=\"col-md-12 col-sm-6 col-xs-12 pt-cv-content-item pt-cv-2-col\"  data-pid=\"25372\"><div class='pt-cv-ifield'><div class=\"pt-cv-ctf-list\" data-cvc=\"1\"><div class=\"col-md-12 pt-cv-ctf-column\"><div class=\"pt-cv-custom-fields pt-cv-ctf-_EventStartDate\"><div class=\"pt-cv-ctf-value\">2017-10-13<\/div><\/div><\/div><div class=\"col-md-12 pt-cv-ctf-column\"><div class=\"pt-cv-custom-fields pt-cv-ctf-_VenueVenue\"><div class=\"pt-cv-ctf-value\">The wardrobe hall, Gothenburg Concert Hall<\/div><\/div><\/div><\/div>\n<h3 class=\"pt-cv-title\"><a href=\"https:\/\/gageego.se\/en\/evenemang\/offstage\/\" class=\"_self cvplbd\" target=\"_self\" >Offstage<\/a><\/h3>\n<div class=\"pt-cv-content\">Beautiful bar scene - live chamber music Offstage give you creative concerts with unbeatable presence and a big heart by enthusiasts from Gageego! and ...<br \/><div class=\"pt-cv-rmwrap\"><a href=\"https:\/\/gageego.se\/en\/evenemang\/offstage\/\" class=\"_self pt-cv-readmore btn btn-success cvplbd\" target=\"_self\">L\u00e4s vidare<\/a><\/div><\/div><\/div><\/div>\n<div class=\"col-md-12 col-sm-6 col-xs-12 pt-cv-content-item pt-cv-2-col\"  data-pid=\"25223\"><div class='pt-cv-ifield'><div class=\"pt-cv-ctf-list\" data-cvc=\"1\"><div class=\"col-md-12 pt-cv-ctf-column\"><div class=\"pt-cv-custom-fields pt-cv-ctf-_EventStartDate\"><div class=\"pt-cv-ctf-value\">2017-10-29<\/div><\/div><\/div><div class=\"col-md-12 pt-cv-ctf-column\"><div class=\"pt-cv-custom-fields pt-cv-ctf-_VenueVenue\"><div class=\"pt-cv-ctf-value\">Stora salen, G\u00f6teborgs konserthus<\/div><\/div><\/div><\/div>\n<h3 class=\"pt-cv-title\"><a href=\"https:\/\/gageego.se\/en\/evenemang\/the-music-of-conflict-madrid\/\" class=\"_self cvplbd\" target=\"_self\" >The Music of Conflict: Madrid<\/a><\/h3>\n<div class=\"pt-cv-content\">From the founding as a Moorish city in the 9th century until today, Madrid has remained a stage for conquests and siege, the center ...<br \/><div class=\"pt-cv-rmwrap\"><a href=\"https:\/\/gageego.se\/en\/evenemang\/the-music-of-conflict-madrid\/\" class=\"_self pt-cv-readmore btn btn-success cvplbd\" target=\"_self\">L\u00e4s vidare<\/a><\/div><\/div><\/div><\/div><\/div><\/div><\/div>\t\t\t<style type=\"text\/css\" id=\"pt-cv-inline-style-8d10defb37\">#pt-cv-view-c50ad9e0mb .pt-cv-ifield { padding-top: 10px !important; padding-bottom: 10px !important; }\n#pt-cv-view-c50ad9e0mb.pt-cv-post-border { margin: 0; border-top-width: 1px; border-left-width: 1px }\n#pt-cv-view-c50ad9e0mb.pt-cv-post-border { margin: 0; border-top-style: dashed; border-left-style: dashed }\n#pt-cv-view-c50ad9e0mb.pt-cv-post-border { margin: 0; border-top-color: #ececec; border-left-color: #ececec }\n#pt-cv-view-c50ad9e0mb.pt-cv-post-border .pt-cv-content-item   { border-right-width: 1px; border-bottom-width: 1px; border-right-style: dashed; border-bottom-style: dashed; border-right-color: #ececec; border-bottom-color: #ececec; }\n#pt-cv-view-c50ad9e0mb .pt-cv-title a, #pt-cv-view-c50ad9e0mb  .panel-title { font-weight: 600 !important; }\n#pt-cv-view-c50ad9e0mb .pt-cv-custom-fields * { display: block !important; text-align: left !important; clear: both !important; }\n#pt-cv-view-c50ad9e0mb .pt-cv-readmore  { background-color: #bca97a !important; font-weight: 600 !important; text-transform: uppercase !important; letter-spacing: 1px !important; }\n#pt-cv-view-c50ad9e0mb .pt-cv-tao  { font-size: 20px !important; line-height: 1.3 !important; }\n#pt-cv-view-c50ad9e0mb { text-align: left; }<\/style>\r\n\t\t\t\n","protected":false},"excerpt":{"rendered":"","protected":false},"author":3,"featured_media":0,"parent":24810,"menu_order":2017,"comment_status":"closed","ping_status":"closed","template":"wp-custom-template-f-r-listor-med-tidigare-evenemang-per-r","meta":{"_tec_requires_first_save":true,"_EventAllDay":false,"_EventTimezone":"","_EventStartDate":"","_EventEndDate":"","_EventStartDateUTC":"","_EventEndDateUTC":"","_EventShowMap":false,"_EventShowMapLink":false,"_EventURL":"","_EventCost":"","_EventCostDescription":"","_EventCurrencySymbol":"","_EventCurrencyCode":"","_EventCurrencyPosition":"","_EventDateTimeSeparator":"","_EventTimeRangeSeparator":"","_EventOrganizerID":[],"_EventVenueID":[],"_OrganizerEmail":"","_OrganizerPhone":"","_OrganizerWebsite":"","_VenueAddress":"","_VenueCity":"","_VenueCountry":"","_VenueProvince":"","_VenueState":"","_VenueZip":"","_VenuePhone":"","_VenueURL":"","_VenueStateProvince":"","_VenueLat":"","_VenueLng":"","_VenueShowMap":false,"_VenueShowMapLink":false,"_tribe_blocks_recurrence_rules":"","_tribe_blocks_recurrence_description":"","_tribe_blocks_recurrence_exclusions":"","footnotes":""},"categories":[],"tags":[],"class_list":["post-34300","page","type-page","status-publish","hentry"],"_links":{"self":[{"href":"https:\/\/gageego.se\/en\/wp-json\/wp\/v2\/pages\/34300","targetHints":{"allow":["GET"]}}],"collection":[{"href":"https:\/\/gageego.se\/en\/wp-json\/wp\/v2\/pages"}],"about":[{"href":"https:\/\/gageego.se\/en\/wp-json\/wp\/v2\/types\/page"}],"author":[{"embeddable":true,"href":"https:\/\/gageego.se\/en\/wp-json\/wp\/v2\/users\/3"}],"replies":[{"embeddable":true,"href":"https:\/\/gageego.se\/en\/wp-json\/wp\/v2\/comments?post=34300"}],"version-history":[{"count":0,"href":"https:\/\/gageego.se\/en\/wp-json\/wp\/v2\/pages\/34300\/revisions"}],"up":[{"embeddable":true,"href":"https:\/\/gageego.se\/en\/wp-json\/wp\/v2\/pages\/24810"}],"wp:attachment":[{"href":"https:\/\/gageego.se\/en\/wp-json\/wp\/v2\/media?parent=34300"}],"wp:term":[{"taxonomy":"category","embeddable":true,"href":"https:\/\/gageego.se\/en\/wp-json\/wp\/v2\/categories?post=34300"},{"taxonomy":"post_tag","embeddable":true,"href":"https:\/\/gageego.se\/en\/wp-json\/wp\/v2\/tags?post=34300"}],"curies":[{"name":"wp","href":"https:\/\/api.w.org\/{rel}","templated":true}]}}