{"id":34264,"date":"1999-12-31T08:00:34","date_gmt":"1999-12-31T07:00:34","guid":{"rendered":"https:\/\/gageego.se\/concerts\/concerts-1999\/"},"modified":"2025-09-04T12:40:47","modified_gmt":"2025-09-04T10:40:47","slug":"concerts-1999","status":"publish","type":"page","link":"https:\/\/gageego.se\/en\/concerts\/concerts-1999\/","title":{"rendered":"Concerts 1999"},"content":{"rendered":"<div class=\"pt-cv-wrapper\"><div class=\"pt-cv-view pt-cv-grid pt-cv-colsys pt-cv-same-height pt-cv-post-border pt-cv-pginfinite pt-cv-left\" id=\"pt-cv-view-e42921896t\"><div data-id=\"pt-cv-page-1\" class=\"pt-cv-page\" data-cvc=\"1\" data-cvct=\"2\" data-cvcm=\"1\"><div class=\"col-md-12 col-sm-6 col-xs-12 pt-cv-content-item pt-cv-2-col\"  data-pid=\"28716\"><div class='pt-cv-ifield'><div class=\"pt-cv-ctf-list\" data-cvc=\"1\"><div class=\"col-md-12 pt-cv-ctf-column\"><div class=\"pt-cv-custom-fields pt-cv-ctf-_EventStartDate\"><div class=\"pt-cv-ctf-value\">1999-01-17<\/div><\/div><\/div><div class=\"col-md-12 pt-cv-ctf-column\"><div class=\"pt-cv-custom-fields pt-cv-ctf-_VenueVenue\"><div class=\"pt-cv-ctf-value\">The Stenhammar Chamber Hall, Gothenburg Concert Hall<\/div><\/div><\/div><\/div>\n<h3 class=\"pt-cv-title\"><a href=\"https:\/\/gageego.se\/en\/evenemang\/concert-1999-01-17\/\" class=\"_self cvplbd\" target=\"_self\" >Concert<\/a><\/h3>\n<div class=\"pt-cv-content\">Claude Debussy\u00a0SonatHeinz Holliger\u00a0Sequenzen \u00fcber Johannes 1:32V\u00edctor Varela\u00a0Axle-asim\u00e9trica 2 (uruppf\u00f6rande)Toru Takemitsu\u00a0And then I knew \u2018twas windGeorge Crumb\u00a0An Idyll for the Misbegotten Review in G\u00f6teborgs-Tidningen 18 ...<br \/><div class=\"pt-cv-rmwrap\"><a href=\"https:\/\/gageego.se\/en\/evenemang\/concert-1999-01-17\/\" class=\"_self pt-cv-readmore btn btn-success cvplbd\" target=\"_self\">L\u00e4s vidare<\/a><\/div><\/div><\/div><\/div>\n<div class=\"col-md-12 col-sm-6 col-xs-12 pt-cv-content-item pt-cv-2-col\"  data-pid=\"29088\"><div class='pt-cv-ifield'><div class=\"pt-cv-ctf-list\" data-cvc=\"1\"><div class=\"col-md-12 pt-cv-ctf-column\"><div class=\"pt-cv-custom-fields pt-cv-ctf-_EventStartDate\"><div class=\"pt-cv-ctf-value\">1999-01-24<\/div><\/div><\/div><div class=\"col-md-12 pt-cv-ctf-column\"><div class=\"pt-cv-custom-fields pt-cv-ctf-_VenueVenue\"><div class=\"pt-cv-ctf-value\">B\u00f6rsen, G\u00f6teborg<\/div><\/div><\/div><\/div>\n<h3 class=\"pt-cv-title\"><a href=\"https:\/\/gageego.se\/en\/evenemang\/concert\/\" class=\"_self cvplbd\" target=\"_self\" >Concert<\/a><\/h3>\n<div class=\"pt-cv-content\">Carl Nielsen Barnene spiller \u2022 Tro og h\u00e5b spiller \u2022 Taagen letterToru Takemitsu And then I knew 'twas windClaude Debussy Sonat ...<br \/><div class=\"pt-cv-rmwrap\"><a href=\"https:\/\/gageego.se\/en\/evenemang\/concert\/\" class=\"_self pt-cv-readmore btn btn-success cvplbd\" target=\"_self\">L\u00e4s vidare<\/a><\/div><\/div><\/div><\/div>\n<div class=\"col-md-12 col-sm-6 col-xs-12 pt-cv-content-item pt-cv-2-col\"  data-pid=\"29091\"><div class='pt-cv-ifield'><div class=\"pt-cv-ctf-list\" data-cvc=\"1\"><div class=\"col-md-12 pt-cv-ctf-column\"><div class=\"pt-cv-custom-fields pt-cv-ctf-_EventStartDate\"><div class=\"pt-cv-ctf-value\">1999-01-31<\/div><\/div><\/div><div class=\"col-md-12 pt-cv-ctf-column\"><div class=\"pt-cv-custom-fields pt-cv-ctf-_VenueVenue\"><div class=\"pt-cv-ctf-value\">Lerums kyrka<\/div><\/div><\/div><\/div>\n<h3 class=\"pt-cv-title\"><a href=\"https:\/\/gageego.se\/en\/evenemang\/concert-3\/\" class=\"_self cvplbd\" target=\"_self\" >Concert<\/a><\/h3>\n<div class=\"pt-cv-content\">Carl Nielsen B\u00f8rnene spiller \u2022 Tro og h\u00e5b spiller \u2022 Taagen letter Paul Hindemith ur Sonat opus 2 nr 5, Lebhaft aber nicht geeilt ...<br \/><div class=\"pt-cv-rmwrap\"><a href=\"https:\/\/gageego.se\/en\/evenemang\/concert-3\/\" class=\"_self pt-cv-readmore btn btn-success cvplbd\" target=\"_self\">L\u00e4s vidare<\/a><\/div><\/div><\/div><\/div>\n<div class=\"col-md-12 col-sm-6 col-xs-12 pt-cv-content-item pt-cv-2-col\"  data-pid=\"29092\"><div class='pt-cv-ifield'><div class=\"pt-cv-ctf-list\" data-cvc=\"1\"><div class=\"col-md-12 pt-cv-ctf-column\"><div class=\"pt-cv-custom-fields pt-cv-ctf-_EventStartDate\"><div class=\"pt-cv-ctf-value\">1999-03-18<\/div><\/div><\/div><div class=\"col-md-12 pt-cv-ctf-column\"><div class=\"pt-cv-custom-fields pt-cv-ctf-_VenueVenue\"><div class=\"pt-cv-ctf-value\">Nefertiti, G\u00f6teborg<\/div><\/div><\/div><\/div>\n<h3 class=\"pt-cv-title\"><a href=\"https:\/\/gageego.se\/en\/evenemang\/concert-4\/\" class=\"_self cvplbd\" target=\"_self\" >Concert<\/a><\/h3>\n<div class=\"pt-cv-content\">Iannis Xenakis from Rebonds ...<br \/><div class=\"pt-cv-rmwrap\"><a href=\"https:\/\/gageego.se\/en\/evenemang\/concert-4\/\" class=\"_self pt-cv-readmore btn btn-success cvplbd\" target=\"_self\">L\u00e4s vidare<\/a><\/div><\/div><\/div><\/div>\n<div class=\"col-md-12 col-sm-6 col-xs-12 pt-cv-content-item pt-cv-2-col\"  data-pid=\"29094\"><div class='pt-cv-ifield'><div class=\"pt-cv-ctf-list\" data-cvc=\"1\"><div class=\"col-md-12 pt-cv-ctf-column\"><div class=\"pt-cv-custom-fields pt-cv-ctf-_EventStartDate\"><div class=\"pt-cv-ctf-value\">1999-04-18<\/div><\/div><\/div><div class=\"col-md-12 pt-cv-ctf-column\"><div class=\"pt-cv-custom-fields pt-cv-ctf-_VenueVenue\"><div class=\"pt-cv-ctf-value\">The Stenhammar Chamber Hall, Gothenburg Concert Hall<\/div><\/div><\/div><\/div>\n<h3 class=\"pt-cv-title\"><a href=\"https:\/\/gageego.se\/en\/evenemang\/concert-5\/\" class=\"_self cvplbd\" target=\"_self\" >Concert<\/a><\/h3>\n<div class=\"pt-cv-content\">Conductor Pierre-Andr\u00e9 Valade Philippe Leroux AAA Ivan Fedele Correnti Alternate Pierre Boulez D\u00e8rive Igor Stravinsky Suite from Histoire du soldat Review in G\u00f6teborgs-Posten, April ...<br \/><div class=\"pt-cv-rmwrap\"><a href=\"https:\/\/gageego.se\/en\/evenemang\/concert-5\/\" class=\"_self pt-cv-readmore btn btn-success cvplbd\" target=\"_self\">L\u00e4s vidare<\/a><\/div><\/div><\/div><\/div>\n<div class=\"col-md-12 col-sm-6 col-xs-12 pt-cv-content-item pt-cv-2-col\"  data-pid=\"29099\"><div class='pt-cv-ifield'><div class=\"pt-cv-ctf-list\" data-cvc=\"1\"><div class=\"col-md-12 pt-cv-ctf-column\"><div class=\"pt-cv-custom-fields pt-cv-ctf-_EventStartDate\"><div class=\"pt-cv-ctf-value\">1999-04-24<\/div><\/div><\/div><div class=\"col-md-12 pt-cv-ctf-column\"><div class=\"pt-cv-custom-fields pt-cv-ctf-_VenueVenue\"><div class=\"pt-cv-ctf-value\">Sj\u00f6str\u00f6msalen, Artisten, G\u00f6teborg<\/div><\/div><\/div><\/div>\n<h3 class=\"pt-cv-title\"><a href=\"https:\/\/gageego.se\/en\/evenemang\/concert-1999-04-24\/\" class=\"_self cvplbd\" target=\"_self\" >Concert<\/a><\/h3>\n<div class=\"pt-cv-content\">Conductor Jerker Johansson Programme Max Blomgren Fall breaks and back to winter Malin Redvall Veloppdragne pikeskritt Janne Olofsson Scener vid in\/utg\u00e5ng Alf-Christer H\u00e5gedal Relief ...<br \/><div class=\"pt-cv-rmwrap\"><a href=\"https:\/\/gageego.se\/en\/evenemang\/concert-1999-04-24\/\" class=\"_self pt-cv-readmore btn btn-success cvplbd\" target=\"_self\">L\u00e4s vidare<\/a><\/div><\/div><\/div><\/div>\n<div class=\"col-md-12 col-sm-6 col-xs-12 pt-cv-content-item pt-cv-2-col\"  data-pid=\"29100\"><div class='pt-cv-ifield'><div class=\"pt-cv-ctf-list\" data-cvc=\"1\"><div class=\"col-md-12 pt-cv-ctf-column\"><div class=\"pt-cv-custom-fields pt-cv-ctf-_EventStartDate\"><div class=\"pt-cv-ctf-value\">1999-10-03<\/div><\/div><\/div><div class=\"col-md-12 pt-cv-ctf-column\"><div class=\"pt-cv-custom-fields pt-cv-ctf-_VenueVenue\"><div class=\"pt-cv-ctf-value\">The Stenhammar Chamber Hall, Gothenburg Concert Hall<\/div><\/div><\/div><\/div>\n<h3 class=\"pt-cv-title\"><a href=\"https:\/\/gageego.se\/en\/evenemang\/concert-7\/\" class=\"_self cvplbd\" target=\"_self\" >Concert<\/a><\/h3>\n<div class=\"pt-cv-content\">Conductor Staffan Larson Programme Anders Hultqvist Composition No 3 (Among travelling Angels) Fredrik Ed Drift Akell M\u00e1sson Elja Tristan Murail Desintegrations This concert is ...<br \/><div class=\"pt-cv-rmwrap\"><a href=\"https:\/\/gageego.se\/en\/evenemang\/concert-7\/\" class=\"_self pt-cv-readmore btn btn-success cvplbd\" target=\"_self\">L\u00e4s vidare<\/a><\/div><\/div><\/div><\/div>\n<div class=\"col-md-12 col-sm-6 col-xs-12 pt-cv-content-item pt-cv-2-col\"  data-pid=\"29101\"><div class='pt-cv-ifield'><div class=\"pt-cv-ctf-list\" data-cvc=\"1\"><div class=\"col-md-12 pt-cv-ctf-column\"><div class=\"pt-cv-custom-fields pt-cv-ctf-_EventStartDate\"><div class=\"pt-cv-ctf-value\">1999-11-06<\/div><\/div><\/div><div class=\"col-md-12 pt-cv-ctf-column\"><div class=\"pt-cv-custom-fields pt-cv-ctf-_VenueVenue\"><div class=\"pt-cv-ctf-value\">Foaj\u00e9n, G\u00f6teborgs stadsteater<\/div><\/div><\/div><\/div>\n<h3 class=\"pt-cv-title\"><a href=\"https:\/\/gageego.se\/en\/evenemang\/concert-8\/\" class=\"_self cvplbd\" target=\"_self\" >Concert<\/a><\/h3>\n<div class=\"pt-cv-content\">Mauricio Kagel from Rrrrrrr\u2026 6 Schlagzeugduos ...<br \/><div class=\"pt-cv-rmwrap\"><a href=\"https:\/\/gageego.se\/en\/evenemang\/concert-8\/\" class=\"_self pt-cv-readmore btn btn-success cvplbd\" target=\"_self\">L\u00e4s vidare<\/a><\/div><\/div><\/div><\/div>\n<div class=\"col-md-12 col-sm-6 col-xs-12 pt-cv-content-item pt-cv-2-col\"  data-pid=\"29102\"><div class='pt-cv-ifield'><div class=\"pt-cv-ctf-list\" data-cvc=\"1\"><div class=\"col-md-12 pt-cv-ctf-column\"><div class=\"pt-cv-custom-fields pt-cv-ctf-_EventStartDate\"><div class=\"pt-cv-ctf-value\">1999-11-21<\/div><\/div><\/div><div class=\"col-md-12 pt-cv-ctf-column\"><div class=\"pt-cv-custom-fields pt-cv-ctf-_VenueVenue\"><div class=\"pt-cv-ctf-value\">Kulturverket, Halmstad<\/div><\/div><\/div><\/div>\n<h3 class=\"pt-cv-title\"><a href=\"https:\/\/gageego.se\/en\/evenemang\/concert-9\/\" class=\"_self cvplbd\" target=\"_self\" >Concert<\/a><\/h3>\n<div class=\"pt-cv-content\">James Tenney Having never written a note for percussion before John Cage Forever and Sunsmell Paul Hindemith ur Sonat opus 11 nr 5, Lebhabt ...<br \/><div class=\"pt-cv-rmwrap\"><a href=\"https:\/\/gageego.se\/en\/evenemang\/concert-9\/\" class=\"_self pt-cv-readmore btn btn-success cvplbd\" target=\"_self\">L\u00e4s vidare<\/a><\/div><\/div><\/div><\/div><\/div><\/div><\/div>\t\t\t<style type=\"text\/css\" id=\"pt-cv-inline-style-1482414use\">#pt-cv-view-e42921896t .pt-cv-ifield { padding-top: 10px !important; padding-bottom: 10px !important; }\n#pt-cv-view-e42921896t.pt-cv-post-border { margin: 0; border-top-width: 1px; border-left-width: 1px }\n#pt-cv-view-e42921896t.pt-cv-post-border { margin: 0; border-top-style: dashed; border-left-style: dashed }\n#pt-cv-view-e42921896t.pt-cv-post-border { margin: 0; border-top-color: #ececec; border-left-color: #ececec }\n#pt-cv-view-e42921896t.pt-cv-post-border .pt-cv-content-item   { border-right-width: 1px; border-bottom-width: 1px; border-right-style: dashed; border-bottom-style: dashed; border-right-color: #ececec; border-bottom-color: #ececec; }\n#pt-cv-view-e42921896t .pt-cv-title a, #pt-cv-view-e42921896t  .panel-title { font-weight: 600 !important; }\n#pt-cv-view-e42921896t .pt-cv-custom-fields * { display: block !important; text-align: left !important; clear: both !important; }\n#pt-cv-view-e42921896t .pt-cv-readmore  { background-color: #bca97a !important; font-weight: 600 !important; text-transform: uppercase !important; letter-spacing: 1px !important; }\n#pt-cv-view-e42921896t .pt-cv-tao  { font-size: 20px !important; line-height: 1.3 !important; }\n#pt-cv-view-e42921896t { text-align: left; }<\/style>\r\n\t\t\t\n","protected":false},"excerpt":{"rendered":"","protected":false},"author":3,"featured_media":0,"parent":24810,"menu_order":1999,"comment_status":"closed","ping_status":"closed","template":"wp-custom-template-f-r-listor-med-tidigare-evenemang-per-r","meta":{"_tec_requires_first_save":true,"_EventAllDay":false,"_EventTimezone":"","_EventStartDate":"","_EventEndDate":"","_EventStartDateUTC":"","_EventEndDateUTC":"","_EventShowMap":false,"_EventShowMapLink":false,"_EventURL":"","_EventCost":"","_EventCostDescription":"","_EventCurrencySymbol":"","_EventCurrencyCode":"","_EventCurrencyPosition":"","_EventDateTimeSeparator":"","_EventTimeRangeSeparator":"","_EventOrganizerID":[],"_EventVenueID":[],"_OrganizerEmail":"","_OrganizerPhone":"","_OrganizerWebsite":"","_VenueAddress":"","_VenueCity":"","_VenueCountry":"","_VenueProvince":"","_VenueState":"","_VenueZip":"","_VenuePhone":"","_VenueURL":"","_VenueStateProvince":"","_VenueLat":"","_VenueLng":"","_VenueShowMap":false,"_VenueShowMapLink":false,"_tribe_blocks_recurrence_rules":"","_tribe_blocks_recurrence_description":"","_tribe_blocks_recurrence_exclusions":"","footnotes":""},"categories":[],"tags":[],"class_list":["post-34264","page","type-page","status-publish","hentry"],"_links":{"self":[{"href":"https:\/\/gageego.se\/en\/wp-json\/wp\/v2\/pages\/34264","targetHints":{"allow":["GET"]}}],"collection":[{"href":"https:\/\/gageego.se\/en\/wp-json\/wp\/v2\/pages"}],"about":[{"href":"https:\/\/gageego.se\/en\/wp-json\/wp\/v2\/types\/page"}],"author":[{"embeddable":true,"href":"https:\/\/gageego.se\/en\/wp-json\/wp\/v2\/users\/3"}],"replies":[{"embeddable":true,"href":"https:\/\/gageego.se\/en\/wp-json\/wp\/v2\/comments?post=34264"}],"version-history":[{"count":0,"href":"https:\/\/gageego.se\/en\/wp-json\/wp\/v2\/pages\/34264\/revisions"}],"up":[{"embeddable":true,"href":"https:\/\/gageego.se\/en\/wp-json\/wp\/v2\/pages\/24810"}],"wp:attachment":[{"href":"https:\/\/gageego.se\/en\/wp-json\/wp\/v2\/media?parent=34264"}],"wp:term":[{"taxonomy":"category","embeddable":true,"href":"https:\/\/gageego.se\/en\/wp-json\/wp\/v2\/categories?post=34264"},{"taxonomy":"post_tag","embeddable":true,"href":"https:\/\/gageego.se\/en\/wp-json\/wp\/v2\/tags?post=34264"}],"curies":[{"name":"wp","href":"https:\/\/api.w.org\/{rel}","templated":true}]}}