{"id":24610,"date":"2021-05-03T08:00:00","date_gmt":"2021-05-03T06:00:00","guid":{"rendered":"https:\/\/gageego.se\/en\/?page_id=24610"},"modified":"2025-02-09T01:28:13","modified_gmt":"2025-02-09T00:28:13","slug":"pr","status":"publish","type":"page","link":"https:\/\/gageego.se\/en\/pr\/","title":{"rendered":"PR"},"content":{"rendered":"<h1 style=\"margin-top:var(--wp--preset--spacing--80);\" class=\"wp-block-post-title\">PR<\/h1>\n\n\n<h2 class=\"wp-block-heading\">High resolution photos for publicity use<\/h2>\n\n\n\n<figure class=\"wp-block-image size-large\"><a href=\"https:\/\/gageego.se\/wp-content\/uploads\/2021\/04\/Gageego_346_fotokred_GoteborgsSymfoniker-Anna-Hult.jpg\"><img loading=\"lazy\" decoding=\"async\" width=\"1280\" height=\"853\" src=\"https:\/\/gageego.se\/wp-content\/uploads\/2021\/04\/Gageego_346_fotokred_GoteborgsSymfoniker-Anna-Hult-1280x853.jpg\" alt=\"Gageego! photograped in Stenhammarsalen, Gothenburg Concert Hall. Photo: Anna Hult, Gothenburg Symphony Orchestra.\" class=\"wp-image-27952\" title=\"\" srcset=\"https:\/\/gageego.se\/wp-content\/uploads\/2021\/04\/Gageego_346_fotokred_GoteborgsSymfoniker-Anna-Hult-1280x853.jpg 1280w, https:\/\/gageego.se\/wp-content\/uploads\/2021\/04\/Gageego_346_fotokred_GoteborgsSymfoniker-Anna-Hult-660x440.jpg 660w, https:\/\/gageego.se\/wp-content\/uploads\/2021\/04\/Gageego_346_fotokred_GoteborgsSymfoniker-Anna-Hult-768x512.jpg 768w, https:\/\/gageego.se\/wp-content\/uploads\/2021\/04\/Gageego_346_fotokred_GoteborgsSymfoniker-Anna-Hult-1536x1024.jpg 1536w, https:\/\/gageego.se\/wp-content\/uploads\/2021\/04\/Gageego_346_fotokred_GoteborgsSymfoniker-Anna-Hult-2048x1365.jpg 2048w, https:\/\/gageego.se\/wp-content\/uploads\/2021\/04\/Gageego_346_fotokred_GoteborgsSymfoniker-Anna-Hult-610x407.jpg 610w, https:\/\/gageego.se\/wp-content\/uploads\/2021\/04\/Gageego_346_fotokred_GoteborgsSymfoniker-Anna-Hult-190x127.jpg 190w\" sizes=\"auto, (max-width: 1280px) 100vw, 1280px\" \/><\/a><figcaption class=\"wp-element-caption\"><p><strong>Gageego!<\/strong> photograped in Stenhammarsalen, Gothenburg Concert Hall. Photo: Anna Hult, Gothenburg Symphony Orchestra.<\/p><\/figcaption><\/figure>\n\n\n\n<figure class=\"wp-block-image size-large\"><a href=\"https:\/\/gageego.se\/wp-content\/uploads\/2012\/02\/Gageego_2014_1.jpg\"><img loading=\"lazy\" decoding=\"async\" width=\"1280\" height=\"853\" src=\"https:\/\/gageego.se\/wp-content\/uploads\/2012\/02\/Gageego_2014_1-1280x853.jpg\" alt=\"The ensemble Gageego! in Gothenburg Concert Hall. Photo: Johan Stern\" class=\"wp-image-900\" title=\"\" srcset=\"https:\/\/gageego.se\/wp-content\/uploads\/2012\/02\/Gageego_2014_1-1280x853.jpg 1280w, https:\/\/gageego.se\/wp-content\/uploads\/2012\/02\/Gageego_2014_1-660x440.jpg 660w, https:\/\/gageego.se\/wp-content\/uploads\/2012\/02\/Gageego_2014_1-768x512.jpg 768w, https:\/\/gageego.se\/wp-content\/uploads\/2012\/02\/Gageego_2014_1-190x127.jpg 190w, https:\/\/gageego.se\/wp-content\/uploads\/2012\/02\/Gageego_2014_1.jpg 1772w\" sizes=\"auto, (max-width: 1280px) 100vw, 1280px\" \/><\/a><figcaption class=\"wp-element-caption\">Photo: Johan Stern<\/figcaption><\/figure>\n\n\n\n<h2 class=\"wp-block-heading\">Logotype<\/h2>\n\n\n\n<div class=\"wp-block-columns is-layout-flex wp-container-core-columns-is-layout-d0b3c9c8 wp-block-columns-is-layout-flex\">\n<div class=\"wp-block-column is-layout-flow wp-block-column-is-layout-flow\">\n<figure class=\"wp-block-image size-large\"><a href=\"https:\/\/gageego.se\/wp-content\/uploads\/2012\/02\/Gageego-logga-1.png\"><img loading=\"lazy\" decoding=\"async\" width=\"1280\" height=\"550\" src=\"https:\/\/gageego.se\/wp-content\/uploads\/2012\/02\/Gageego-logga-1-1280x550.png\" alt=\"Design: Thomas Larsson, Bumerang\" class=\"wp-image-340\" title=\"\" srcset=\"https:\/\/gageego.se\/wp-content\/uploads\/2012\/02\/Gageego-logga-1-1280x550.png 1280w, https:\/\/gageego.se\/wp-content\/uploads\/2012\/02\/Gageego-logga-1-660x284.png 660w, https:\/\/gageego.se\/wp-content\/uploads\/2012\/02\/Gageego-logga-1-768x330.png 768w, https:\/\/gageego.se\/wp-content\/uploads\/2012\/02\/Gageego-logga-1-1536x660.png 1536w, https:\/\/gageego.se\/wp-content\/uploads\/2012\/02\/Gageego-logga-1-2048x881.png 2048w, https:\/\/gageego.se\/wp-content\/uploads\/2012\/02\/Gageego-logga-1-190x82.png 190w\" sizes=\"auto, (max-width: 1280px) 100vw, 1280px\" \/><\/a><figcaption class=\"wp-element-caption\">Gageego!s logotyp as PNG image<\/figcaption><\/figure>\n<\/div>\n\n\n\n<div class=\"wp-block-column is-layout-flow wp-block-column-is-layout-flow\">\n<figure class=\"wp-block-image size-large\"><a href=\"https:\/\/gageego.se\/wp-content\/uploads\/2019\/02\/Gageego-logga.svg\"><img decoding=\"async\" src=\"https:\/\/gageego.se\/wp-content\/uploads\/2019\/02\/Gageego-logga.svg\" alt=\"Gageego!s logotype: waveforms, dotted time lines and letters\" class=\"wp-image-26970\" title=\"\"><\/a><figcaption class=\"wp-element-caption\">Gageego!s logotype as svg (resolution independent vectors)<\/figcaption><\/figure>\n<\/div>\n<\/div>\n\n\n\n<p>Also available as a resolution-independent\u00a0<a href=\"https:\/\/gageego.se\/wp-content\/uploads\/2012\/02\/Gageego-logga.pdf\">resolutionindependent PDF<\/a>. Design:\u00a0<a href=\"mailto:tl@bumerang.se\" target=\"_blank\" rel=\"noreferrer noopener\">Thomas Larsson<\/a><\/p>\n\n\n\n<h2 class=\"wp-block-heading\">The name Gageego!<\/h2>\n\n\n\n<p>Gageego! is always written ending with an exclamation mark.<\/p>\n\n\n\n<h2 class=\"wp-block-heading\">Support and collaborations<\/h2>\n\n\n\n<p>In public presentations of Gageego!&#8217;s performances, it is imperative that the support of the Swedish Arts Council and the City of Gothenburg is clearly stated. The logos of these authorities should be used in visual representations. They can be downloaded via the links below:<\/p>\n\n\n\n<p><a href=\"https:\/\/www.kulturradet.se\/om-oss\/media\/logotype\/\" target=\"_blank\" rel=\"noreferrer noopener nofollow\">Swedish Arts Council<\/a><\/p>\n\n\n\n<p><a href=\"https:\/\/goteborg.se\/wps\/portal\/enhetssida\/grafisk-profil\/grafisk-profil\/logotyp\" target=\"_blank\" rel=\"noreferrer noopener nofollow\">The City of Gothenburg<\/a><\/p>\n\n\n\n<p>\u00c4ven andra sponsorer och samarbetsparter kan f\u00f6rekomma. Se respektive inl\u00e4gg eller evenemang p\u00e5 denna webbplats.<\/p>\n\n\n\n<div style=\"height:4rem\" aria-hidden=\"true\" class=\"wp-block-spacer\"><\/div>\n","protected":false},"excerpt":{"rendered":"<p>High resolution photos for publicity use Logotype Also available as a resolution-independent\u00a0resolutionindependent PDF. Design:\u00a0Thomas Larsson The name Gageego! Gageego! is always written ending with an exclamation mark. Support and collaborations [&hellip;]<\/p>\n","protected":false},"author":3,"featured_media":33333,"parent":0,"menu_order":6,"comment_status":"closed","ping_status":"closed","template":"page-no-title","meta":{"_tec_requires_first_save":true,"_EventAllDay":false,"_EventTimezone":"","_EventStartDate":"","_EventEndDate":"","_EventStartDateUTC":"","_EventEndDateUTC":"","_EventShowMap":false,"_EventShowMapLink":false,"_EventURL":"","_EventCost":"","_EventCostDescription":"","_EventCurrencySymbol":"","_EventCurrencyCode":"","_EventCurrencyPosition":"","_EventDateTimeSeparator":"","_EventTimeRangeSeparator":"","_EventOrganizerID":[],"_EventVenueID":[],"_OrganizerEmail":"","_OrganizerPhone":"","_OrganizerWebsite":"","_VenueAddress":"","_VenueCity":"","_VenueCountry":"","_VenueProvince":"","_VenueState":"","_VenueZip":"","_VenuePhone":"","_VenueURL":"","_VenueStateProvince":"","_VenueLat":"","_VenueLng":"","_VenueShowMap":false,"_VenueShowMapLink":false,"_tribe_blocks_recurrence_rules":"","_tribe_blocks_recurrence_description":"","_tribe_blocks_recurrence_exclusions":"","footnotes":""},"categories":[],"tags":[],"class_list":["post-24610","page","type-page","status-publish","has-post-thumbnail","hentry"],"_links":{"self":[{"href":"https:\/\/gageego.se\/en\/wp-json\/wp\/v2\/pages\/24610","targetHints":{"allow":["GET"]}}],"collection":[{"href":"https:\/\/gageego.se\/en\/wp-json\/wp\/v2\/pages"}],"about":[{"href":"https:\/\/gageego.se\/en\/wp-json\/wp\/v2\/types\/page"}],"author":[{"embeddable":true,"href":"https:\/\/gageego.se\/en\/wp-json\/wp\/v2\/users\/3"}],"replies":[{"embeddable":true,"href":"https:\/\/gageego.se\/en\/wp-json\/wp\/v2\/comments?post=24610"}],"version-history":[{"count":0,"href":"https:\/\/gageego.se\/en\/wp-json\/wp\/v2\/pages\/24610\/revisions"}],"wp:featuredmedia":[{"embeddable":true,"href":"https:\/\/gageego.se\/en\/wp-json\/wp\/v2\/media\/33333"}],"wp:attachment":[{"href":"https:\/\/gageego.se\/en\/wp-json\/wp\/v2\/media?parent=24610"}],"wp:term":[{"taxonomy":"category","embeddable":true,"href":"https:\/\/gageego.se\/en\/wp-json\/wp\/v2\/categories?post=24610"},{"taxonomy":"post_tag","embeddable":true,"href":"https:\/\/gageego.se\/en\/wp-json\/wp\/v2\/tags?post=24610"}],"curies":[{"name":"wp","href":"https:\/\/api.w.org\/{rel}","templated":true}]}}