{"id":24598,"date":"2012-02-08T01:14:57","date_gmt":"2012-02-08T00:14:57","guid":{"rendered":"https:\/\/gageego.se\/en\/?page_id=24598"},"modified":"2025-02-09T09:19:44","modified_gmt":"2025-02-09T08:19:44","slug":"musicians","status":"publish","type":"page","link":"https:\/\/gageego.se\/en\/about\/musicians\/","title":{"rendered":"Musicians"},"content":{"rendered":"\n<p><strong>Anders Jonh\u00e4ll<\/strong> flute<\/p>\n\n<p><strong>Carolina Grinne<\/strong> oboe<\/p>\n\n<p><strong>Ragnar Arnberg<\/strong> clarinet<\/p>\n\n<p><strong>Lisa Ford<\/strong> horn<\/p>\n\n<p><strong>Bengt Danielsson<\/strong> trumpet<\/p>\n\n<p><strong>Endre Vetaas<\/strong> trombone<\/p>\n\n<p><strong>Jens Kristian S\u00f8gaard<\/strong> trombone<\/p>\n\n<p><strong>Jonas Larsson<\/strong> percussion<\/p>\n\n<p><strong>Martin \u00d6dlund<\/strong> percussion<\/p>\n\n<p><strong>M\u00e5rten Landstr\u00f6m<\/strong> piano<\/p>\n\n<p><strong>\u00d8yvor Volle<\/strong> violin<\/p>\n\n<p><strong>Helena Frankmar<\/strong> violin<\/p>\n\n<p><strong>Charlotta Grahn Wetter<\/strong> violin<\/p>\n\n<p><strong>Johanna Persson<\/strong> viola<\/p>\n\n<p><strong>Tuula Nurmo<\/strong> viola<\/p>\n\n<p><strong>Johan Stern<\/strong> cello<\/p>\n\n<p><strong>My Hellgren<\/strong> cello<\/p>\n\n<p><strong>Thomas Allin<\/strong> double bass<\/p>\n","protected":false},"excerpt":{"rendered":"<p>Anders Jonh\u00e4ll flute Carolina Grinne oboe Ragnar Arnberg clarinet Lisa Ford horn Bengt Danielsson trumpet Endre Vetaas trombone Jens Kristian S\u00f8gaard trombone Jonas Larsson percussion Martin \u00d6dlund percussion M\u00e5rten Landstr\u00f6m [&hellip;]<\/p>\n","protected":false},"author":3,"featured_media":0,"parent":24600,"menu_order":1,"comment_status":"closed","ping_status":"closed","template":"","meta":{"_tec_requires_first_save":true,"_EventAllDay":false,"_EventTimezone":"","_EventStartDate":"","_EventEndDate":"","_EventStartDateUTC":"","_EventEndDateUTC":"","_EventShowMap":false,"_EventShowMapLink":false,"_EventURL":"","_EventCost":"","_EventCostDescription":"","_EventCurrencySymbol":"","_EventCurrencyCode":"","_EventCurrencyPosition":"","_EventDateTimeSeparator":"","_EventTimeRangeSeparator":"","_EventOrganizerID":[],"_EventVenueID":[],"_OrganizerEmail":"","_OrganizerPhone":"","_OrganizerWebsite":"","_VenueAddress":"","_VenueCity":"","_VenueCountry":"","_VenueProvince":"","_VenueState":"","_VenueZip":"","_VenuePhone":"","_VenueURL":"","_VenueStateProvince":"","_VenueLat":"","_VenueLng":"","_VenueShowMap":false,"_VenueShowMapLink":false,"_tribe_blocks_recurrence_rules":"","_tribe_blocks_recurrence_description":"","_tribe_blocks_recurrence_exclusions":"","footnotes":""},"categories":[],"tags":[],"class_list":["post-24598","page","type-page","status-publish","hentry"],"_links":{"self":[{"href":"https:\/\/gageego.se\/en\/wp-json\/wp\/v2\/pages\/24598","targetHints":{"allow":["GET"]}}],"collection":[{"href":"https:\/\/gageego.se\/en\/wp-json\/wp\/v2\/pages"}],"about":[{"href":"https:\/\/gageego.se\/en\/wp-json\/wp\/v2\/types\/page"}],"author":[{"embeddable":true,"href":"https:\/\/gageego.se\/en\/wp-json\/wp\/v2\/users\/3"}],"replies":[{"embeddable":true,"href":"https:\/\/gageego.se\/en\/wp-json\/wp\/v2\/comments?post=24598"}],"version-history":[{"count":0,"href":"https:\/\/gageego.se\/en\/wp-json\/wp\/v2\/pages\/24598\/revisions"}],"up":[{"embeddable":true,"href":"https:\/\/gageego.se\/en\/wp-json\/wp\/v2\/pages\/24600"}],"wp:attachment":[{"href":"https:\/\/gageego.se\/en\/wp-json\/wp\/v2\/media?parent=24598"}],"wp:term":[{"taxonomy":"category","embeddable":true,"href":"https:\/\/gageego.se\/en\/wp-json\/wp\/v2\/categories?post=24598"},{"taxonomy":"post_tag","embeddable":true,"href":"https:\/\/gageego.se\/en\/wp-json\/wp\/v2\/tags?post=24598"}],"curies":[{"name":"wp","href":"https:\/\/api.w.org\/{rel}","templated":true}]}}